{"id":2003,"date":"2022-07-11T16:24:00","date_gmt":"2022-07-11T22:24:00","guid":{"rendered":"https:\/\/secundariatecnica73.edu.mx\/?page_id=2003"},"modified":"2022-07-11T16:24:01","modified_gmt":"2022-07-11T22:24:01","slug":"ciclo-2021-2022","status":"publish","type":"page","link":"https:\/\/secundariatecnica73.edu.mx\/?page_id=2003","title":{"rendered":"CICLO 2021-2022"},"content":{"rendered":"\n<p class=\"has-text-align-center\">La Secundaria T\u00e9cnica No. 73 \u201cGerm\u00e1n Gedovius Huerta\u201d en coordinaci\u00f3n con el grupo de Apoyo Escolar comparte con los Docentes, Padres de Familia o Tutores y Alumnos las actividades realizadas durante el ciclo escolar. <\/p>\n\n\n\n<figure class=\"wp-block-image size-large\"><img loading=\"lazy\" width=\"964\" height=\"542\" src=\"https:\/\/secundariatecnica73.edu.mx\/wp-content\/uploads\/2022\/07\/image-1.png\" alt=\"\" class=\"wp-image-2005\"\/><figcaption>CONFERENCIA &#8220;S\u00cdNDROME DOWN&#8221; <\/figcaption><\/figure>\n\n\n\n<figure class=\"wp-block-image size-large\"><img loading=\"lazy\" width=\"935\" height=\"525\" src=\"https:\/\/secundariatecnica73.edu.mx\/wp-content\/uploads\/2022\/07\/Imagen3.png\" alt=\"\" class=\"wp-image-2007\"\/><figcaption>CONFERENCIA &#8220;CONOCIENDO EL TRASTORNO DEL ESPECTRO AUTISTA&#8221;<\/figcaption><\/figure>\n\n\n\n<figure class=\"wp-block-image size-large\"><img loading=\"lazy\" width=\"1024\" height=\"770\" src=\"https:\/\/secundariatecnica73.edu.mx\/wp-content\/uploads\/2022\/07\/Imagen4-1024x770.jpg\" alt=\"\" class=\"wp-image-2008\"\/><figcaption>CONCIENCIACI\u00d3N SOBRE EL TRASTORNO DEL ESPECTRO AUTISTA<\/figcaption><\/figure>\n\n\n\n<figure class=\"wp-block-image size-large\"><img loading=\"lazy\" width=\"1024\" height=\"777\" src=\"https:\/\/secundariatecnica73.edu.mx\/wp-content\/uploads\/2022\/07\/Imagen5-1024x777.jpg\" alt=\"\" class=\"wp-image-2009\"\/><figcaption>CONCIENTIZACI\u00d3N SOBRE EL D\u00cdA MUNDIAL DEL S\u00cdNDROME DE DOWN<\/figcaption><\/figure>\n","protected":false},"excerpt":{"rendered":"<p>La Secundaria T\u00e9cnica No. 73 \u201cGerm\u00e1n Gedovius Huerta\u201d en coordinaci\u00f3n con el grupo de Apoyo Escolar comparte con los Docentes, Padres de Familia o Tutores y Alumnos las actividades realizadas durante el ciclo escolar.<\/p>\n","protected":false},"author":6,"featured_media":0,"parent":0,"menu_order":0,"comment_status":"closed","ping_status":"closed","template":"","meta":[],"categories":[17],"tags":[],"_links":{"self":[{"href":"https:\/\/secundariatecnica73.edu.mx\/index.php?rest_route=\/wp\/v2\/pages\/2003"}],"collection":[{"href":"https:\/\/secundariatecnica73.edu.mx\/index.php?rest_route=\/wp\/v2\/pages"}],"about":[{"href":"https:\/\/secundariatecnica73.edu.mx\/index.php?rest_route=\/wp\/v2\/types\/page"}],"author":[{"embeddable":true,"href":"https:\/\/secundariatecnica73.edu.mx\/index.php?rest_route=\/wp\/v2\/users\/6"}],"replies":[{"embeddable":true,"href":"https:\/\/secundariatecnica73.edu.mx\/index.php?rest_route=%2Fwp%2Fv2%2Fcomments&post=2003"}],"version-history":[{"count":1,"href":"https:\/\/secundariatecnica73.edu.mx\/index.php?rest_route=\/wp\/v2\/pages\/2003\/revisions"}],"predecessor-version":[{"id":2011,"href":"https:\/\/secundariatecnica73.edu.mx\/index.php?rest_route=\/wp\/v2\/pages\/2003\/revisions\/2011"}],"wp:attachment":[{"href":"https:\/\/secundariatecnica73.edu.mx\/index.php?rest_route=%2Fwp%2Fv2%2Fmedia&parent=2003"}],"wp:term":[{"taxonomy":"category","embeddable":true,"href":"https:\/\/secundariatecnica73.edu.mx\/index.php?rest_route=%2Fwp%2Fv2%2Fcategories&post=2003"},{"taxonomy":"post_tag","embeddable":true,"href":"https:\/\/secundariatecnica73.edu.mx\/index.php?rest_route=%2Fwp%2Fv2%2Ftags&post=2003"}],"curies":[{"name":"wp","href":"https:\/\/api.w.org\/{rel}","templated":true}]}}