{"id":2455,"date":"2022-12-14T15:38:14","date_gmt":"2022-12-14T21:38:14","guid":{"rendered":"https:\/\/secundariatecnica73.edu.mx\/?page_id=2455"},"modified":"2023-01-18T17:54:01","modified_gmt":"2023-01-18T23:54:01","slug":"respeto","status":"publish","type":"page","link":"https:\/\/secundariatecnica73.edu.mx\/?page_id=2455","title":{"rendered":""},"content":{"rendered":"\n<h1>RESPETO<\/h1>\n\n\n\n<p>Es la convivencia arm\u00f3nica entre los actores de la Instituci\u00f3n. Tomando en cuenta la libertad de expresi\u00f3n, pensamiento de cada uno de ellos y fomentando el compromiso de corresponsabilidad.<\/p>\n\n\n\n<h1>EQUIDAD<\/h1>\n\n\n\n<p>Respetar y valorar a las personas sin importar las diferencias culturales, sociales o de g\u00e9nero que presenten entre s\u00ed. Evitando todo acto de discriminaci\u00f3n y resaltando el sentido de la igualdad en todos los aspectos.<\/p>\n\n\n\n<h1>SOLIDARIDAD<\/h1>\n\n\n\n<p>Es la&nbsp; colaboraci\u00f3n mutua entre todos los actores de la instituci\u00f3n para mantener la unidad en todo momento. El educar a los alumnos en base a la solidaridad es motivar e incentivar en ellos la capacidad de ponerse en el lugar del otro y promover el compromiso de ayuda.<\/p>\n\n\n\n<h1>TOLERANCIA<\/h1>\n\n\n\n<p>Aceptar las ideas, actitudes y creencias, es decir; la diversidad cultural diferente a la nuestra. Evitando todo acto de imposici\u00f3n de las mismas.<\/p>\n\n\n\n<h1>LIBERTAD<\/h1>\n\n\n\n<p>&nbsp;Fomentar la capacidad de obrar seg\u00fan su propia voluntad, a lo largo de su vida;&nbsp; as\u00ed mismo&nbsp; que es responsable de sus actos y las consecuencias de los mismos.<\/p>\n\n\n\n<h1>RESPONSABILIDAD<\/h1>\n\n\n\n<p>Cumplir de forma individual y grupal con cada uno de los compromisos pactados, para lograr de forma congruente la satisfacci\u00f3n de las expectativas de la comunidad, de la instituci\u00f3n y de los actores de la misma.<\/p>\n\n\n\n<h1>HONESTIDAD<\/h1>\n\n\n\n<p>Ser congruente con el decir y hacer, respetando los derechos y obligaciones&nbsp; individuales y sociales.<\/p>\n\n\n\n<h1>JUSTICIA<\/h1>\n\n\n\n<p>Aplicar&nbsp; los derechos y obligaciones sin distinci\u00f3n en base a normas establecidas por el colectivo de la instituci\u00f3n educativa.<\/p>\n\n\n\n<h1>VALORES C\u00cdVICOS<\/h1>\n\n\n\n<p>Fomentar el respeto por los s\u00edmbolos patrios y al mismo tiempo el amor a la Patria e Identidad Nacional.<\/p>\n","protected":false},"excerpt":{"rendered":"<p>RESPETO Es la convivencia arm\u00f3nica entre los actores de la Instituci\u00f3n. Tomando en cuenta la libertad de expresi\u00f3n, pensamiento de cada uno de ellos y fomentando el compromiso de corresponsabilidad. EQUIDAD Respetar y valorar a las personas sin importar las diferencias culturales, sociales o de g\u00e9nero que presenten entre s\u00ed. Evitando todo acto de discriminaci\u00f3n [&hellip;]<\/p>\n","protected":false},"author":5,"featured_media":0,"parent":0,"menu_order":0,"comment_status":"closed","ping_status":"closed","template":"","meta":[],"categories":[],"tags":[],"_links":{"self":[{"href":"https:\/\/secundariatecnica73.edu.mx\/index.php?rest_route=\/wp\/v2\/pages\/2455"}],"collection":[{"href":"https:\/\/secundariatecnica73.edu.mx\/index.php?rest_route=\/wp\/v2\/pages"}],"about":[{"href":"https:\/\/secundariatecnica73.edu.mx\/index.php?rest_route=\/wp\/v2\/types\/page"}],"author":[{"embeddable":true,"href":"https:\/\/secundariatecnica73.edu.mx\/index.php?rest_route=\/wp\/v2\/users\/5"}],"replies":[{"embeddable":true,"href":"https:\/\/secundariatecnica73.edu.mx\/index.php?rest_route=%2Fwp%2Fv2%2Fcomments&post=2455"}],"version-history":[{"count":4,"href":"https:\/\/secundariatecnica73.edu.mx\/index.php?rest_route=\/wp\/v2\/pages\/2455\/revisions"}],"predecessor-version":[{"id":2579,"href":"https:\/\/secundariatecnica73.edu.mx\/index.php?rest_route=\/wp\/v2\/pages\/2455\/revisions\/2579"}],"wp:attachment":[{"href":"https:\/\/secundariatecnica73.edu.mx\/index.php?rest_route=%2Fwp%2Fv2%2Fmedia&parent=2455"}],"wp:term":[{"taxonomy":"category","embeddable":true,"href":"https:\/\/secundariatecnica73.edu.mx\/index.php?rest_route=%2Fwp%2Fv2%2Fcategories&post=2455"},{"taxonomy":"post_tag","embeddable":true,"href":"https:\/\/secundariatecnica73.edu.mx\/index.php?rest_route=%2Fwp%2Fv2%2Ftags&post=2455"}],"curies":[{"name":"wp","href":"https:\/\/api.w.org\/{rel}","templated":true}]}}