{"id":2494,"date":"2022-12-14T17:34:33","date_gmt":"2022-12-14T23:34:33","guid":{"rendered":"https:\/\/secundariatecnica73.edu.mx\/?page_id=2494"},"modified":"2025-12-12T16:14:33","modified_gmt":"2025-12-12T22:14:33","slug":"dia-internacional-de-las-personas-con-discapacidad","status":"publish","type":"page","link":"https:\/\/secundariatecnica73.edu.mx\/?page_id=2494","title":{"rendered":"\u201c\u00b4D\u00eda internacional de las personas con Discapacidad\u201d"},"content":{"rendered":"\t\t<div data-elementor-type=\"wp-page\" data-elementor-id=\"2494\" class=\"elementor elementor-2494\" data-elementor-settings=\"[]\">\n\t\t\t\t\t\t<div class=\"elementor-inner\">\n\t\t\t\t\t\t\t<div class=\"elementor-section-wrap\">\n\t\t\t\t\t\t\t<section class=\"elementor-section elementor-top-section elementor-element elementor-element-47b56f1 elementor-section-boxed elementor-section-height-default elementor-section-height-default\" data-id=\"47b56f1\" data-element_type=\"section\">\n\t\t\t\t\t\t<div class=\"elementor-container elementor-column-gap-default\">\n\t\t\t\t\t\t\t<div class=\"elementor-row\">\n\t\t\t\t\t<div class=\"elementor-column elementor-col-16 elementor-top-column elementor-element elementor-element-6157d9e\" data-id=\"6157d9e\" data-element_type=\"column\">\n\t\t\t<div class=\"elementor-column-wrap\">\n\t\t\t\t\t\t\t<div class=\"elementor-widget-wrap\">\n\t\t\t\t\t\t\t\t<\/div>\n\t\t\t\t\t<\/div>\n\t\t<\/div>\n\t\t\t\t<div class=\"elementor-column elementor-col-66 elementor-top-column elementor-element elementor-element-8e3005a\" data-id=\"8e3005a\" data-element_type=\"column\">\n\t\t\t<div class=\"elementor-column-wrap elementor-element-populated\">\n\t\t\t\t\t\t\t<div class=\"elementor-widget-wrap\">\n\t\t\t\t\t\t<div class=\"elementor-element elementor-element-42c77b5 elementor-widget elementor-widget-image\" data-id=\"42c77b5\" data-element_type=\"widget\" data-widget_type=\"image.default\">\n\t\t\t\t<div class=\"elementor-widget-container\">\n\t\t\t\t\t<div class=\"elementor-image\">\n\t\t\t\t\t\t\t\t\t\t\t<a href=\"https:\/\/youtube.com\/shorts\/tU_uMRufuFA?feature=share\">\n\t\t\t\t\t\t\t<img width=\"640\" height=\"360\" src=\"https:\/\/secundariatecnica73.edu.mx\/wp-content\/uploads\/2025\/12\/Blue-Pink-Computer-Button-Screen-Group-Project-Presentation-1024x576.png\" class=\"attachment-large size-large\" alt=\"\" loading=\"lazy\" \/>\t\t\t\t\t\t\t\t<\/a>\n\t\t\t\t\t\t\t\t\t\t\t<\/div>\n\t\t\t\t<\/div>\n\t\t\t\t<\/div>\n\t\t\t\t\t\t<\/div>\n\t\t\t\t\t<\/div>\n\t\t<\/div>\n\t\t\t\t<div class=\"elementor-column elementor-col-16 elementor-top-column elementor-element elementor-element-1ca17e5\" data-id=\"1ca17e5\" data-element_type=\"column\">\n\t\t\t<div class=\"elementor-column-wrap\">\n\t\t\t\t\t\t\t<div class=\"elementor-widget-wrap\">\n\t\t\t\t\t\t\t\t<\/div>\n\t\t\t\t\t<\/div>\n\t\t<\/div>\n\t\t\t\t\t\t\t\t<\/div>\n\t\t\t\t\t<\/div>\n\t\t<\/section>\n\t\t\t\t<section class=\"elementor-section elementor-top-section elementor-element elementor-element-4b97a18d elementor-section-boxed elementor-section-height-default elementor-section-height-default\" data-id=\"4b97a18d\" data-element_type=\"section\">\n\t\t\t\t\t\t<div class=\"elementor-container elementor-column-gap-default\">\n\t\t\t\t\t\t\t<div class=\"elementor-row\">\n\t\t\t\t\t<div class=\"elementor-column elementor-col-100 elementor-top-column elementor-element elementor-element-462bb5a4\" data-id=\"462bb5a4\" data-element_type=\"column\">\n\t\t\t<div class=\"elementor-column-wrap elementor-element-populated\">\n\t\t\t\t\t\t\t<div class=\"elementor-widget-wrap\">\n\t\t\t\t\t\t<div class=\"elementor-element elementor-element-34280865 elementor-widget elementor-widget-text-editor\" data-id=\"34280865\" data-element_type=\"widget\" data-widget_type=\"text-editor.default\">\n\t\t\t\t<div class=\"elementor-widget-container\">\n\t\t\t\t\t<div class=\"elementor-text-editor elementor-clearfix\"><!-- wp:paragraph -->\n<p>Decoraci\u00f3n de mural alusivo al 3 de Diciembre<\/p>\n<!-- \/wp:paragraph --><!-- wp:gallery {\"ids\":[2495,2496,2497]} -->\n<figure class=\"wp-block-gallery columns-3 is-cropped\">\n<ul class=\"blocks-gallery-grid\">\n<li class=\"blocks-gallery-item\">\n<figure><img loading=\"lazy\" width=\"636\" height=\"456\" class=\"wp-image-2495\" src=\"https:\/\/secundariatecnica73.edu.mx\/wp-content\/uploads\/2022\/12\/3.jpg\" alt=\"\" data-id=\"2495\" data-link=\"https:\/\/secundariatecnica73.edu.mx\/?attachment_id=2495\" \/><\/figure>\n<\/li>\n<li class=\"blocks-gallery-item\">\n<figure><img loading=\"lazy\" width=\"623\" height=\"467\" class=\"wp-image-2496\" src=\"https:\/\/secundariatecnica73.edu.mx\/wp-content\/uploads\/2022\/12\/33.jpg\" alt=\"\" data-id=\"2496\" data-link=\"https:\/\/secundariatecnica73.edu.mx\/?attachment_id=2496\" \/><\/figure>\n<\/li>\n<li class=\"blocks-gallery-item\">\n<figure><img loading=\"lazy\" width=\"547\" height=\"411\" class=\"wp-image-2497\" src=\"https:\/\/secundariatecnica73.edu.mx\/wp-content\/uploads\/2022\/12\/333.jpg\" alt=\"\" data-id=\"2497\" data-full-url=\"https:\/\/secundariatecnica73.edu.mx\/wp-content\/uploads\/2022\/12\/333.jpg\" data-link=\"https:\/\/secundariatecnica73.edu.mx\/?attachment_id=2497\" \/><\/figure>\n<\/li>\n<\/ul>\n<\/figure>\n<!-- \/wp:gallery --><!-- wp:paragraph -->\n<p>Din\u00e1micas de sensibilizaci\u00f3n y concientizaci\u00f3n para favorecer la empat\u00eda dentro de la comunidad escolar- 6 de Diciembre\u00a0<\/p>\n<!-- \/wp:paragraph --><!-- wp:gallery {\"ids\":[2498,2499,2500]} -->\n<figure class=\"wp-block-gallery columns-3 is-cropped\">\n<ul class=\"blocks-gallery-grid\">\n<li class=\"blocks-gallery-item\">\n<figure><img loading=\"lazy\" width=\"411\" height=\"308\" class=\"wp-image-2498\" src=\"https:\/\/secundariatecnica73.edu.mx\/wp-content\/uploads\/2022\/12\/6.jpg\" alt=\"\" data-id=\"2498\" data-link=\"https:\/\/secundariatecnica73.edu.mx\/?attachment_id=2498\" \/><\/figure>\n<\/li>\n<li class=\"blocks-gallery-item\">\n<figure><img loading=\"lazy\" width=\"459\" height=\"345\" class=\"wp-image-2499\" src=\"https:\/\/secundariatecnica73.edu.mx\/wp-content\/uploads\/2022\/12\/66.jpg\" alt=\"\" data-id=\"2499\" data-link=\"https:\/\/secundariatecnica73.edu.mx\/?attachment_id=2499\" \/><\/figure>\n<\/li>\n<li class=\"blocks-gallery-item\">\n<figure><img loading=\"lazy\" width=\"518\" height=\"389\" class=\"wp-image-2500\" src=\"https:\/\/secundariatecnica73.edu.mx\/wp-content\/uploads\/2022\/12\/666.jpg\" alt=\"\" data-id=\"2500\" data-full-url=\"https:\/\/secundariatecnica73.edu.mx\/wp-content\/uploads\/2022\/12\/666.jpg\" data-link=\"https:\/\/secundariatecnica73.edu.mx\/?attachment_id=2500\" \/><\/figure>\n<\/li>\n<\/ul>\n<\/figure>\n<!-- \/wp:gallery --><!-- wp:paragraph -->\n<p>Exposici\u00f3n de carteles alusivos a el D\u00eda internacional de las Personas con Discapacidad- 7 de Diciembre\u00a0<\/p>\n<!-- \/wp:paragraph --><!-- wp:image {\"id\":2509,\"sizeSlug\":\"large\"} -->\n<figure class=\"wp-block-image size-large\"><img loading=\"lazy\" width=\"849\" height=\"636\" class=\"wp-image-2509\" src=\"https:\/\/secundariatecnica73.edu.mx\/wp-content\/uploads\/2022\/12\/7-1.jpg\" alt=\"\" \/><\/figure>\n<!-- \/wp:image --><!-- wp:paragraph -->\n<p>Demostraci\u00f3n de deporte adaptado por el Municipio de Apodaca- 8 de Diciembre\u00a0<\/p>\n<!-- \/wp:paragraph --><!-- wp:gallery {\"ids\":[2506,2507,2508]} -->\n<figure class=\"wp-block-gallery columns-3 is-cropped\">\n<ul class=\"blocks-gallery-grid\">\n<li class=\"blocks-gallery-item\">\n<figure><img loading=\"lazy\" width=\"607\" height=\"342\" class=\"wp-image-2506\" src=\"https:\/\/secundariatecnica73.edu.mx\/wp-content\/uploads\/2022\/12\/8.jpg\" alt=\"\" data-id=\"2506\" data-link=\"https:\/\/secundariatecnica73.edu.mx\/?attachment_id=2506\" \/><\/figure>\n<\/li>\n<li class=\"blocks-gallery-item\">\n<figure><img loading=\"lazy\" width=\"655\" height=\"368\" class=\"wp-image-2507\" src=\"https:\/\/secundariatecnica73.edu.mx\/wp-content\/uploads\/2022\/12\/88.jpg\" alt=\"\" data-id=\"2507\" data-link=\"https:\/\/secundariatecnica73.edu.mx\/?attachment_id=2507\" \/><\/figure>\n<\/li>\n<li class=\"blocks-gallery-item\">\n<figure><img loading=\"lazy\" width=\"596\" height=\"336\" class=\"wp-image-2508\" src=\"https:\/\/secundariatecnica73.edu.mx\/wp-content\/uploads\/2022\/12\/888.jpg\" alt=\"\" data-id=\"2508\" data-full-url=\"https:\/\/secundariatecnica73.edu.mx\/wp-content\/uploads\/2022\/12\/888.jpg\" data-link=\"https:\/\/secundariatecnica73.edu.mx\/?attachment_id=2508\" \/><\/figure>\n<\/li>\n<\/ul>\n<\/figure>\n<!-- \/wp:gallery --><!-- wp:paragraph -->\n<p>Participaci\u00f3n del Ballet sobre silla de ruedas- 9 de Diciembre\u00a0<\/p>\n<!-- \/wp:paragraph --><!-- wp:gallery {\"ids\":[2511,2512,2513]} -->\n<figure class=\"wp-block-gallery columns-3 is-cropped\">\n<ul class=\"blocks-gallery-grid\">\n<li class=\"blocks-gallery-item\">\n<figure><img loading=\"lazy\" width=\"639\" height=\"479\" class=\"wp-image-2511\" src=\"https:\/\/secundariatecnica73.edu.mx\/wp-content\/uploads\/2022\/12\/9.jpg\" alt=\"\" data-id=\"2511\" data-link=\"https:\/\/secundariatecnica73.edu.mx\/?attachment_id=2511\" \/><\/figure>\n<\/li>\n<li class=\"blocks-gallery-item\">\n<figure><img loading=\"lazy\" width=\"647\" height=\"486\" class=\"wp-image-2512\" src=\"https:\/\/secundariatecnica73.edu.mx\/wp-content\/uploads\/2022\/12\/99.jpg\" alt=\"\" data-id=\"2512\" data-link=\"https:\/\/secundariatecnica73.edu.mx\/?attachment_id=2512\" \/><\/figure>\n<\/li>\n<li class=\"blocks-gallery-item\">\n<figure><img loading=\"lazy\" width=\"579\" height=\"434\" class=\"wp-image-2513\" src=\"https:\/\/secundariatecnica73.edu.mx\/wp-content\/uploads\/2022\/12\/999.jpg\" alt=\"\" data-id=\"2513\" data-full-url=\"https:\/\/secundariatecnica73.edu.mx\/wp-content\/uploads\/2022\/12\/999.jpg\" data-link=\"https:\/\/secundariatecnica73.edu.mx\/?attachment_id=2513\" \/><\/figure>\n<\/li>\n<\/ul>\n<\/figure>\n<!-- \/wp:gallery --><\/div>\n\t\t\t\t<\/div>\n\t\t\t\t<\/div>\n\t\t\t\t\t\t<\/div>\n\t\t\t\t\t<\/div>\n\t\t<\/div>\n\t\t\t\t\t\t\t\t<\/div>\n\t\t\t\t\t<\/div>\n\t\t<\/section>\n\t\t\t\t<section class=\"elementor-section elementor-top-section elementor-element elementor-element-36eb07b elementor-section-boxed elementor-section-height-default elementor-section-height-default\" data-id=\"36eb07b\" data-element_type=\"section\">\n\t\t\t\t\t\t<div class=\"elementor-container elementor-column-gap-default\">\n\t\t\t\t\t\t\t<div class=\"elementor-row\">\n\t\t\t\t\t<div class=\"elementor-column elementor-col-100 elementor-top-column elementor-element elementor-element-b51cf80\" data-id=\"b51cf80\" data-element_type=\"column\">\n\t\t\t<div class=\"elementor-column-wrap elementor-element-populated\">\n\t\t\t\t\t\t\t<div class=\"elementor-widget-wrap\">\n\t\t\t\t\t\t<div class=\"elementor-element elementor-element-0b6f651 elementor-view-stacked elementor-shape-circle elementor-widget elementor-widget-icon\" data-id=\"0b6f651\" data-element_type=\"widget\" data-widget_type=\"icon.default\">\n\t\t\t\t<div class=\"elementor-widget-container\">\n\t\t\t\t\t<div class=\"elementor-icon-wrapper\">\n\t\t\t<a class=\"elementor-icon\" href=\"https:\/\/secundariatecnica73.edu.mx\/\">\n\t\t\t<i aria-hidden=\"true\" class=\"fas fa-clinic-medical\"><\/i>\t\t\t<\/a>\n\t\t<\/div>\n\t\t\t\t<\/div>\n\t\t\t\t<\/div>\n\t\t\t\t\t\t<\/div>\n\t\t\t\t\t<\/div>\n\t\t<\/div>\n\t\t\t\t\t\t\t\t<\/div>\n\t\t\t\t\t<\/div>\n\t\t<\/section>\n\t\t\t\t\t\t<\/div>\n\t\t\t\t\t\t<\/div>\n\t\t\t\t\t<\/div>\n\t\t","protected":false},"excerpt":{"rendered":"<p>Decoraci\u00f3n de mural alusivo al 3 de Diciembre Din\u00e1micas de sensibilizaci\u00f3n y concientizaci\u00f3n para favorecer la empat\u00eda dentro de la comunidad escolar- 6 de Diciembre\u00a0 Exposici\u00f3n de carteles alusivos a el D\u00eda internacional de las Personas con Discapacidad- 7 de Diciembre\u00a0 Demostraci\u00f3n de deporte adaptado por el Municipio de Apodaca- 8 de Diciembre\u00a0 Participaci\u00f3n del [&hellip;]<\/p>\n","protected":false},"author":5,"featured_media":0,"parent":0,"menu_order":0,"comment_status":"closed","ping_status":"closed","template":"","meta":[],"categories":[],"tags":[],"_links":{"self":[{"href":"https:\/\/secundariatecnica73.edu.mx\/index.php?rest_route=\/wp\/v2\/pages\/2494"}],"collection":[{"href":"https:\/\/secundariatecnica73.edu.mx\/index.php?rest_route=\/wp\/v2\/pages"}],"about":[{"href":"https:\/\/secundariatecnica73.edu.mx\/index.php?rest_route=\/wp\/v2\/types\/page"}],"author":[{"embeddable":true,"href":"https:\/\/secundariatecnica73.edu.mx\/index.php?rest_route=\/wp\/v2\/users\/5"}],"replies":[{"embeddable":true,"href":"https:\/\/secundariatecnica73.edu.mx\/index.php?rest_route=%2Fwp%2Fv2%2Fcomments&post=2494"}],"version-history":[{"count":11,"href":"https:\/\/secundariatecnica73.edu.mx\/index.php?rest_route=\/wp\/v2\/pages\/2494\/revisions"}],"predecessor-version":[{"id":4729,"href":"https:\/\/secundariatecnica73.edu.mx\/index.php?rest_route=\/wp\/v2\/pages\/2494\/revisions\/4729"}],"wp:attachment":[{"href":"https:\/\/secundariatecnica73.edu.mx\/index.php?rest_route=%2Fwp%2Fv2%2Fmedia&parent=2494"}],"wp:term":[{"taxonomy":"category","embeddable":true,"href":"https:\/\/secundariatecnica73.edu.mx\/index.php?rest_route=%2Fwp%2Fv2%2Fcategories&post=2494"},{"taxonomy":"post_tag","embeddable":true,"href":"https:\/\/secundariatecnica73.edu.mx\/index.php?rest_route=%2Fwp%2Fv2%2Ftags&post=2494"}],"curies":[{"name":"wp","href":"https:\/\/api.w.org\/{rel}","templated":true}]}}