{"id":415,"date":"2020-11-04T14:21:21","date_gmt":"2020-11-04T20:21:21","guid":{"rendered":"https:\/\/secundariatecnica73.edu.mx\/?page_id=415"},"modified":"2026-01-09T12:12:32","modified_gmt":"2026-01-09T18:12:32","slug":"estrategias-y-tecnicas-de-estudio","status":"publish","type":"page","link":"https:\/\/secundariatecnica73.edu.mx\/?page_id=415","title":{"rendered":"Estrategias y T\u00e9cnicas de Estudio"},"content":{"rendered":"\t\t<div data-elementor-type=\"wp-page\" data-elementor-id=\"415\" class=\"elementor elementor-415\" data-elementor-settings=\"[]\">\n\t\t\t\t\t\t<div class=\"elementor-inner\">\n\t\t\t\t\t\t\t<div class=\"elementor-section-wrap\">\n\t\t\t\t\t\t\t<section class=\"elementor-section elementor-top-section elementor-element elementor-element-fc7941 elementor-section-boxed elementor-section-height-default elementor-section-height-default\" data-id=\"fc7941\" data-element_type=\"section\">\n\t\t\t\t\t\t<div class=\"elementor-container elementor-column-gap-default\">\n\t\t\t\t\t\t\t<div class=\"elementor-row\">\n\t\t\t\t\t<div class=\"elementor-column elementor-col-100 elementor-top-column elementor-element elementor-element-486d0d52\" data-id=\"486d0d52\" data-element_type=\"column\">\n\t\t\t<div class=\"elementor-column-wrap elementor-element-populated\">\n\t\t\t\t\t\t\t<div class=\"elementor-widget-wrap\">\n\t\t\t\t\t\t<div class=\"elementor-element elementor-element-730875a0 elementor-widget elementor-widget-text-editor\" data-id=\"730875a0\" data-element_type=\"widget\" data-widget_type=\"text-editor.default\">\n\t\t\t\t<div class=\"elementor-widget-container\">\n\t\t\t\t\t<div class=\"elementor-text-editor elementor-clearfix\"><p><!-- wp:paragraph {\"align\":\"left\"} --><\/p>\n<p class=\"has-text-align-left\">Con el nombre de t\u00e9cnicas de estudio, se identifican una serie de estrategias y procedimientos de car\u00e1cter cognitivo y metacognitivo vinculados al aprendizaje.<br>De este modo y bajo esta denominaci\u00f3n, se agrupan t\u00e9cnicas directamente implicadas en el propio proceso del estudio; tales como la planificaci\u00f3n de dicha actividad, el subrayado, el resumen, la elaboraci\u00f3n de esquemas, etc; as\u00ed como otras estrategias que tienen un car\u00e1cter m\u00e1s complementario, como pueden ser la toma de apuntes o la realizaci\u00f3n de trabajos escolares.<br>Todo ello, acompa\u00f1ado por una serie de estrategias metacognitivas (monitorizaci\u00f3n de la ejecuci\u00f3n de la tarea) que en ellas est\u00e1n presentes (de forma m\u00e1s o menos consciente) en todo este proceso del estudio: autocuestionamiento, uso de analog\u00edas, supervisi\u00f3n y regulaci\u00f3n de la propia ejecuci\u00f3n, etc.<\/p>\n<p><!-- \/wp:paragraph --><\/p>\n<p><!-- wp:paragraph {\"align\":\"left\"} --><\/p>\n<p class=\"has-text-align-left\">En cuanto a la ense\u00f1anza de estas t\u00e9cnicas, tanto la psicolog\u00eda del aprendizaje (particularmente la concepci\u00f3n &#8220;constructivista&#8221; procedente de la psicolog\u00eda cognitiva), como la pr\u00e1ctica educativa, coinciden en considerar el modelado y el moldeado docente como las estrategias did\u00e1cticas m\u00e1s id\u00f3neas a la hora de promover un aprendizaje eficaz y profundo de dichas estrategias. Las t\u00e9cnicas de estudio sirven para catalogar informaci\u00f3n para que se facilite tu rendimiento acad\u00e9mico.<\/p>\n<p><!-- \/wp:paragraph --><\/p>\n<p><!-- wp:image {\"id\":416,\"sizeSlug\":\"large\"} --><\/p>\n<figure class=\"wp-block-image size-large\"><img loading=\"lazy\" width=\"640\" height=\"511\" src=\"https:\/\/secundariatecnica73.edu.mx\/wp-content\/uploads\/2020\/11\/PIRAMIDA.jpg\" alt=\"\" class=\"wp-image-416\"><\/figure>\n<p><!-- \/wp:image --><\/p>\n<p><!-- wp:image {\"id\":2289,\"width\":69,\"height\":69,\"sizeSlug\":\"large\"} --><\/p>\n<figure class=\"wp-block-image size-large is-resized\"><br><\/figure>\n<p><!-- \/wp:image --><\/p><\/div>\n\t\t\t\t<\/div>\n\t\t\t\t<\/div>\n\t\t\t\t\t\t<\/div>\n\t\t\t\t\t<\/div>\n\t\t<\/div>\n\t\t\t\t\t\t\t\t<\/div>\n\t\t\t\t\t<\/div>\n\t\t<\/section>\n\t\t\t\t<section class=\"elementor-section elementor-top-section elementor-element elementor-element-3b18c87 elementor-section-boxed elementor-section-height-default elementor-section-height-default\" data-id=\"3b18c87\" data-element_type=\"section\">\n\t\t\t\t\t\t<div class=\"elementor-container elementor-column-gap-default\">\n\t\t\t\t\t\t\t<div class=\"elementor-row\">\n\t\t\t\t\t<div class=\"elementor-column elementor-col-16 elementor-top-column elementor-element elementor-element-06ef990\" data-id=\"06ef990\" data-element_type=\"column\">\n\t\t\t<div class=\"elementor-column-wrap elementor-element-populated\">\n\t\t\t\t\t\t\t<div class=\"elementor-widget-wrap\">\n\t\t\t\t\t\t<div class=\"elementor-element elementor-element-149c258 elementor-widget elementor-widget-image\" data-id=\"149c258\" data-element_type=\"widget\" data-widget_type=\"image.default\">\n\t\t\t\t<div class=\"elementor-widget-container\">\n\t\t\t\t\t<div class=\"elementor-image\">\n\t\t\t\t\t\t\t\t\t\t\t<a href=\"https:\/\/secundariatecnica73.edu.mx\/\">\n\t\t\t\t\t\t\t<img width=\"357\" height=\"356\" src=\"https:\/\/secundariatecnica73.edu.mx\/wp-content\/uploads\/2026\/01\/inicio.png\" class=\"attachment-large size-large\" alt=\"\" loading=\"lazy\" \/>\t\t\t\t\t\t\t\t<\/a>\n\t\t\t\t\t\t\t\t\t\t\t<\/div>\n\t\t\t\t<\/div>\n\t\t\t\t<\/div>\n\t\t\t\t\t\t<\/div>\n\t\t\t\t\t<\/div>\n\t\t<\/div>\n\t\t\t\t<div class=\"elementor-column elementor-col-16 elementor-top-column elementor-element elementor-element-6fa026a\" data-id=\"6fa026a\" data-element_type=\"column\">\n\t\t\t<div class=\"elementor-column-wrap\">\n\t\t\t\t\t\t\t<div class=\"elementor-widget-wrap\">\n\t\t\t\t\t\t\t\t<\/div>\n\t\t\t\t\t<\/div>\n\t\t<\/div>\n\t\t\t\t<div class=\"elementor-column elementor-col-16 elementor-top-column elementor-element elementor-element-ff15552\" data-id=\"ff15552\" data-element_type=\"column\">\n\t\t\t<div class=\"elementor-column-wrap\">\n\t\t\t\t\t\t\t<div class=\"elementor-widget-wrap\">\n\t\t\t\t\t\t\t\t<\/div>\n\t\t\t\t\t<\/div>\n\t\t<\/div>\n\t\t\t\t<div class=\"elementor-column elementor-col-16 elementor-top-column elementor-element elementor-element-123c1d0\" data-id=\"123c1d0\" data-element_type=\"column\">\n\t\t\t<div class=\"elementor-column-wrap\">\n\t\t\t\t\t\t\t<div class=\"elementor-widget-wrap\">\n\t\t\t\t\t\t\t\t<\/div>\n\t\t\t\t\t<\/div>\n\t\t<\/div>\n\t\t\t\t<div class=\"elementor-column elementor-col-16 elementor-top-column elementor-element elementor-element-393beba\" data-id=\"393beba\" data-element_type=\"column\">\n\t\t\t<div class=\"elementor-column-wrap\">\n\t\t\t\t\t\t\t<div class=\"elementor-widget-wrap\">\n\t\t\t\t\t\t\t\t<\/div>\n\t\t\t\t\t<\/div>\n\t\t<\/div>\n\t\t\t\t<div class=\"elementor-column elementor-col-16 elementor-top-column elementor-element elementor-element-ec31a58\" data-id=\"ec31a58\" data-element_type=\"column\">\n\t\t\t<div class=\"elementor-column-wrap\">\n\t\t\t\t\t\t\t<div class=\"elementor-widget-wrap\">\n\t\t\t\t\t\t\t\t<\/div>\n\t\t\t\t\t<\/div>\n\t\t<\/div>\n\t\t\t\t\t\t\t\t<\/div>\n\t\t\t\t\t<\/div>\n\t\t<\/section>\n\t\t\t\t\t\t<\/div>\n\t\t\t\t\t\t<\/div>\n\t\t\t\t\t<\/div>\n\t\t","protected":false},"excerpt":{"rendered":"<p>Con el nombre de t\u00e9cnicas de estudio, se identifican una serie de estrategias y procedimientos de car\u00e1cter cognitivo y metacognitivo vinculados al aprendizaje.De este modo y bajo esta denominaci\u00f3n, se agrupan t\u00e9cnicas directamente implicadas en el propio proceso del estudio; tales como la planificaci\u00f3n de dicha actividad, el subrayado, el resumen, la elaboraci\u00f3n de esquemas, [&hellip;]<\/p>\n","protected":false},"author":4,"featured_media":0,"parent":0,"menu_order":0,"comment_status":"closed","ping_status":"closed","template":"","meta":[],"categories":[14],"tags":[],"_links":{"self":[{"href":"https:\/\/secundariatecnica73.edu.mx\/index.php?rest_route=\/wp\/v2\/pages\/415"}],"collection":[{"href":"https:\/\/secundariatecnica73.edu.mx\/index.php?rest_route=\/wp\/v2\/pages"}],"about":[{"href":"https:\/\/secundariatecnica73.edu.mx\/index.php?rest_route=\/wp\/v2\/types\/page"}],"author":[{"embeddable":true,"href":"https:\/\/secundariatecnica73.edu.mx\/index.php?rest_route=\/wp\/v2\/users\/4"}],"replies":[{"embeddable":true,"href":"https:\/\/secundariatecnica73.edu.mx\/index.php?rest_route=%2Fwp%2Fv2%2Fcomments&post=415"}],"version-history":[{"count":6,"href":"https:\/\/secundariatecnica73.edu.mx\/index.php?rest_route=\/wp\/v2\/pages\/415\/revisions"}],"predecessor-version":[{"id":4792,"href":"https:\/\/secundariatecnica73.edu.mx\/index.php?rest_route=\/wp\/v2\/pages\/415\/revisions\/4792"}],"wp:attachment":[{"href":"https:\/\/secundariatecnica73.edu.mx\/index.php?rest_route=%2Fwp%2Fv2%2Fmedia&parent=415"}],"wp:term":[{"taxonomy":"category","embeddable":true,"href":"https:\/\/secundariatecnica73.edu.mx\/index.php?rest_route=%2Fwp%2Fv2%2Fcategories&post=415"},{"taxonomy":"post_tag","embeddable":true,"href":"https:\/\/secundariatecnica73.edu.mx\/index.php?rest_route=%2Fwp%2Fv2%2Ftags&post=415"}],"curies":[{"name":"wp","href":"https:\/\/api.w.org\/{rel}","templated":true}]}}