{"id":468,"date":"2020-11-04T18:12:03","date_gmt":"2020-11-05T00:12:03","guid":{"rendered":"https:\/\/secundariatecnica73.edu.mx\/?page_id=468"},"modified":"2026-01-09T12:13:33","modified_gmt":"2026-01-09T18:13:33","slug":"habitos-de-estudio","status":"publish","type":"page","link":"https:\/\/secundariatecnica73.edu.mx\/?page_id=468","title":{"rendered":"H\u00e1bitos de Estudio"},"content":{"rendered":"\t\t<div data-elementor-type=\"wp-page\" data-elementor-id=\"468\" class=\"elementor elementor-468\" data-elementor-settings=\"[]\">\n\t\t\t\t\t\t<div class=\"elementor-inner\">\n\t\t\t\t\t\t\t<div class=\"elementor-section-wrap\">\n\t\t\t\t\t\t\t<section class=\"elementor-section elementor-top-section elementor-element elementor-element-5077956e elementor-section-boxed elementor-section-height-default elementor-section-height-default\" data-id=\"5077956e\" data-element_type=\"section\">\n\t\t\t\t\t\t<div class=\"elementor-container elementor-column-gap-default\">\n\t\t\t\t\t\t\t<div class=\"elementor-row\">\n\t\t\t\t\t<div class=\"elementor-column elementor-col-100 elementor-top-column elementor-element elementor-element-1f26db2a\" data-id=\"1f26db2a\" data-element_type=\"column\">\n\t\t\t<div class=\"elementor-column-wrap elementor-element-populated\">\n\t\t\t\t\t\t\t<div class=\"elementor-widget-wrap\">\n\t\t\t\t\t\t<div class=\"elementor-element elementor-element-6ce3e751 elementor-widget elementor-widget-text-editor\" data-id=\"6ce3e751\" data-element_type=\"widget\" data-widget_type=\"text-editor.default\">\n\t\t\t\t<div class=\"elementor-widget-container\">\n\t\t\t\t\t<div class=\"elementor-text-editor elementor-clearfix\"><p><!-- wp:heading {\"level\":3} --><\/p>\n<ul>\n<li>\u00bfTe organizas en las labores de tu casa, de manera que tengas tiempo para tus tareas y el estudio?<\/li>\n<li>\u00bfEres constante en el repaso de tus apuntes?<\/li>\n<li>\u00bfCuentas con todo lo necesario para hacer tus tareas y estudiar?<\/li>\n<li>\u00bfEstudias con entusiasmo y voluntad?<\/li>\n<\/ul>\n<p><!-- \/wp:list --><\/p>\n<p><!-- wp:image {\"id\":470,\"sizeSlug\":\"large\"} --><\/p>\n<figure class=\"wp-block-image size-large\"><img loading=\"lazy\" width=\"555\" height=\"1024\" class=\"wp-image-470\" src=\"https:\/\/secundariatecnica73.edu.mx\/wp-content\/uploads\/2020\/11\/habitos-de-estudio-555x1024.jpg\" alt=\"\" \/><\/figure>\n<p><!-- \/wp:image --><\/p>\n<p><!-- wp:gallery {\"ids\":[471]} --><\/p>\n<figure class=\"wp-block-gallery columns-1 is-cropped\">\n<ul class=\"blocks-gallery-grid\">\n<li class=\"blocks-gallery-item\">\n<figure><img loading=\"lazy\" width=\"900\" height=\"900\" class=\"wp-image-471\" src=\"https:\/\/secundariatecnica73.edu.mx\/wp-content\/uploads\/2020\/11\/los-habitos-de-estudio-mas-importantes.jpg\" alt=\"\" data-id=\"471\" \/><\/figure>\n<\/li>\n<\/ul>\n<\/figure>\n<p><!-- \/wp:gallery --><\/p>\n<p><!-- wp:paragraph --><\/p>\n<p>Todos hemos pasado por la \u00e9poca estudiantil y nos hemos manejado m\u00e1s o menos bien en este menester. A algunos les ha costado aprenderse la lecci\u00f3n porque no sab\u00edan como ten\u00edan que hacerlo. Otros m\u00e1s afortunados han aprendido de manera m\u00e1s f\u00e1cil y r\u00e1pida la forma para adquirir nuevos conocimientos.<br \/>Hay siete aspectos que debes tomar en cuenta para lograr \u00e9xito en el estudio: distribuir adecuadamente tu tiempo, estar motivado para el estudio,\u00a0evitar los distractores durante el estudio, tomar muy bien los apuntes en clase, efectuar correctamente las lecturas, prepararte bien para los ex\u00e1menes y tener actitudes y conductas productivas ante el estudio.<br \/>Antes de decirte como puedes adquirir h\u00e1bitos de estudio y establecer un plan de acci\u00f3n para mejorar como estudiante, es necesario que te des cuenta en que est\u00e1s fallando, en que \u00e1reas est\u00e1s deficiente y por qu\u00e9.<\/p>\n<p>\u00a0<\/p>\n<p><!-- \/wp:paragraph --><\/p>\n<p><!-- wp:image --><\/p>\n<figure class=\"wp-block-image\"><\/figure>\n<p><!-- \/wp:image --><\/p><\/div>\n\t\t\t\t<\/div>\n\t\t\t\t<\/div>\n\t\t\t\t\t\t<\/div>\n\t\t\t\t\t<\/div>\n\t\t<\/div>\n\t\t\t\t\t\t\t\t<\/div>\n\t\t\t\t\t<\/div>\n\t\t<\/section>\n\t\t\t\t<section class=\"elementor-section elementor-top-section elementor-element elementor-element-9a4e705 elementor-section-boxed elementor-section-height-default elementor-section-height-default\" data-id=\"9a4e705\" data-element_type=\"section\">\n\t\t\t\t\t\t<div class=\"elementor-container elementor-column-gap-default\">\n\t\t\t\t\t\t\t<div class=\"elementor-row\">\n\t\t\t\t\t<div class=\"elementor-column elementor-col-16 elementor-top-column elementor-element elementor-element-568504c\" data-id=\"568504c\" data-element_type=\"column\">\n\t\t\t<div class=\"elementor-column-wrap elementor-element-populated\">\n\t\t\t\t\t\t\t<div class=\"elementor-widget-wrap\">\n\t\t\t\t\t\t<div class=\"elementor-element elementor-element-5f9f4f4 elementor-widget elementor-widget-image\" data-id=\"5f9f4f4\" data-element_type=\"widget\" data-widget_type=\"image.default\">\n\t\t\t\t<div class=\"elementor-widget-container\">\n\t\t\t\t\t<div class=\"elementor-image\">\n\t\t\t\t\t\t\t\t\t\t\t<a href=\"https:\/\/secundariatecnica73.edu.mx\/\">\n\t\t\t\t\t\t\t<img width=\"357\" height=\"356\" src=\"https:\/\/secundariatecnica73.edu.mx\/wp-content\/uploads\/2026\/01\/inicio.png\" class=\"attachment-large size-large\" alt=\"\" loading=\"lazy\" \/>\t\t\t\t\t\t\t\t<\/a>\n\t\t\t\t\t\t\t\t\t\t\t<\/div>\n\t\t\t\t<\/div>\n\t\t\t\t<\/div>\n\t\t\t\t\t\t<\/div>\n\t\t\t\t\t<\/div>\n\t\t<\/div>\n\t\t\t\t<div class=\"elementor-column elementor-col-16 elementor-top-column elementor-element elementor-element-500a293\" data-id=\"500a293\" data-element_type=\"column\">\n\t\t\t<div class=\"elementor-column-wrap\">\n\t\t\t\t\t\t\t<div class=\"elementor-widget-wrap\">\n\t\t\t\t\t\t\t\t<\/div>\n\t\t\t\t\t<\/div>\n\t\t<\/div>\n\t\t\t\t<div class=\"elementor-column elementor-col-16 elementor-top-column elementor-element elementor-element-f74f65e\" data-id=\"f74f65e\" data-element_type=\"column\">\n\t\t\t<div class=\"elementor-column-wrap\">\n\t\t\t\t\t\t\t<div class=\"elementor-widget-wrap\">\n\t\t\t\t\t\t\t\t<\/div>\n\t\t\t\t\t<\/div>\n\t\t<\/div>\n\t\t\t\t<div class=\"elementor-column elementor-col-16 elementor-top-column elementor-element elementor-element-bb4f523\" data-id=\"bb4f523\" data-element_type=\"column\">\n\t\t\t<div class=\"elementor-column-wrap\">\n\t\t\t\t\t\t\t<div class=\"elementor-widget-wrap\">\n\t\t\t\t\t\t\t\t<\/div>\n\t\t\t\t\t<\/div>\n\t\t<\/div>\n\t\t\t\t<div class=\"elementor-column elementor-col-16 elementor-top-column elementor-element elementor-element-271080d\" data-id=\"271080d\" data-element_type=\"column\">\n\t\t\t<div class=\"elementor-column-wrap\">\n\t\t\t\t\t\t\t<div class=\"elementor-widget-wrap\">\n\t\t\t\t\t\t\t\t<\/div>\n\t\t\t\t\t<\/div>\n\t\t<\/div>\n\t\t\t\t<div class=\"elementor-column elementor-col-16 elementor-top-column elementor-element elementor-element-ddcfe28\" data-id=\"ddcfe28\" data-element_type=\"column\">\n\t\t\t<div class=\"elementor-column-wrap\">\n\t\t\t\t\t\t\t<div class=\"elementor-widget-wrap\">\n\t\t\t\t\t\t\t\t<\/div>\n\t\t\t\t\t<\/div>\n\t\t<\/div>\n\t\t\t\t\t\t\t\t<\/div>\n\t\t\t\t\t<\/div>\n\t\t<\/section>\n\t\t\t\t\t\t<\/div>\n\t\t\t\t\t\t<\/div>\n\t\t\t\t\t<\/div>\n\t\t","protected":false},"excerpt":{"rendered":"<p>\u00bfTe organizas en las labores de tu casa, de manera que tengas tiempo para tus tareas y el estudio? \u00bfEres constante en el repaso de tus apuntes? \u00bfCuentas con todo lo necesario para hacer tus tareas y estudiar? \u00bfEstudias con entusiasmo y voluntad? Todos hemos pasado por la \u00e9poca estudiantil y nos hemos manejado m\u00e1s [&hellip;]<\/p>\n","protected":false},"author":4,"featured_media":0,"parent":0,"menu_order":0,"comment_status":"closed","ping_status":"closed","template":"","meta":[],"categories":[14],"tags":[],"_links":{"self":[{"href":"https:\/\/secundariatecnica73.edu.mx\/index.php?rest_route=\/wp\/v2\/pages\/468"}],"collection":[{"href":"https:\/\/secundariatecnica73.edu.mx\/index.php?rest_route=\/wp\/v2\/pages"}],"about":[{"href":"https:\/\/secundariatecnica73.edu.mx\/index.php?rest_route=\/wp\/v2\/types\/page"}],"author":[{"embeddable":true,"href":"https:\/\/secundariatecnica73.edu.mx\/index.php?rest_route=\/wp\/v2\/users\/4"}],"replies":[{"embeddable":true,"href":"https:\/\/secundariatecnica73.edu.mx\/index.php?rest_route=%2Fwp%2Fv2%2Fcomments&post=468"}],"version-history":[{"count":15,"href":"https:\/\/secundariatecnica73.edu.mx\/index.php?rest_route=\/wp\/v2\/pages\/468\/revisions"}],"predecessor-version":[{"id":4794,"href":"https:\/\/secundariatecnica73.edu.mx\/index.php?rest_route=\/wp\/v2\/pages\/468\/revisions\/4794"}],"wp:attachment":[{"href":"https:\/\/secundariatecnica73.edu.mx\/index.php?rest_route=%2Fwp%2Fv2%2Fmedia&parent=468"}],"wp:term":[{"taxonomy":"category","embeddable":true,"href":"https:\/\/secundariatecnica73.edu.mx\/index.php?rest_route=%2Fwp%2Fv2%2Fcategories&post=468"},{"taxonomy":"post_tag","embeddable":true,"href":"https:\/\/secundariatecnica73.edu.mx\/index.php?rest_route=%2Fwp%2Fv2%2Ftags&post=468"}],"curies":[{"name":"wp","href":"https:\/\/api.w.org\/{rel}","templated":true}]}}